{"id":194,"date":"2023-06-07T13:44:22","date_gmt":"2023-06-07T13:44:22","guid":{"rendered":"https:\/\/elteukitdigital.com\/condal\/?page_id=194"},"modified":"2025-06-10T06:28:15","modified_gmt":"2025-06-10T06:28:15","slug":"contacto","status":"publish","type":"page","link":"https:\/\/condalfruit.com\/fra\/contact\/","title":{"rendered":"Contact"},"content":{"rendered":"<p>[et_pb_section fb_built=\u00bb1&#8243; _builder_version=\u00bb4.24.2&#8243; _module_preset=\u00bbdefault\u00bb use_background_color_gradient=\u00bbon\u00bb background_color_gradient_direction=\u00bb158deg\u00bb background_color_gradient_stops=\u00bbrgba(0,0,0,0.2) 0%|rgba(0,0,0,0.2) 100%\u00bb background_color_gradient_overlays_image=\u00bbon\u00bb background_image=\u00bbhttps:\/\/condalfruit.com\/wp-content\/uploads\/2023\/06\/bol-de-frutas-scaled.jpeg\u00bb height=\u00bb103vh\u00bb custom_margin=\u00bb-100px||||false|false\u00bb global_colors_info=\u00bb{}\u00bb][et_pb_row _builder_version=\u00bb4.21.0&#8243; _module_preset=\u00bbdefault\u00bb max_width=\u00bb1300px\u00bb height=\u00bb100%\u00bb custom_css_main_element=\u00bbdisplay: flex;||flex-direction: column;||justify-content: center;\u00bb locked=\u00bboff\u00bb global_colors_info=\u00bb{}\u00bb][et_pb_column type=\u00bb4_4&#8243; _builder_version=\u00bb4.21.0&#8243; _module_preset=\u00bbdefault\u00bb global_colors_info=\u00bb{}\u00bb][et_pb_text _builder_version=\u00bb4.24.2&#8243; _module_preset=\u00bbdefault\u00bb header_font=\u00bbMerienda One||||||||\u00bb header_text_color=\u00bb#FFFFFF\u00bb header_font_size=\u00bb70px\u00bb header_line_height=\u00bb1.2em\u00bb global_colors_info=\u00bb{}\u00bb]<\/p>\n<h1 style=\"text-shadow: 0px 0px 15px rgba(0,0,0,0.4);\">Contactez votre grossiste en fruits et l\u00e9gumes \u00e0 Mercabarna<\/h1>\n<p>[\/et_pb_text][\/et_pb_column][\/et_pb_row][\/et_pb_section][et_pb_section fb_built=\u00bb1\u2033 _builder_version=\u00bb4.21.0\u2033 _module_preset=\u00bbdefault\u00bb background_color=\u00bb#fcfcfc\u00bb custom_padding=\u00bb20px||||false| false\u00bb global_colors_info=\u00bb{}\u00bb][et_pb_row column_structure=\u00bb1_2,1_2\u2033 make_equal=\u00bbon\u00bb _builder_version=\u00bb4.21.0\u2033 _module_preset=\u00bbdefault\u00bb max_width=\u00bb1300px\u00bb verrouill\u00e9=\u00bboff\u00bb global_colors_info=\u00bb{} \u00bb][et_pb_column type=\u00bb1_2\u2033 _builder_version=\u00bb4.21.0\u2033 _module_preset=\u00bbdefault\u00bb global_colors_info=\u00bb{}\u00bb][et_pb_text _builder_version=\u00bb4.22.1\u2033 _module_preset=\u00bbdefault\u00bb header_2_font=\u00bbPoppins|||| ||||\u00bb global_colors_info=\u00bb{}\u00bb]<\/p>\n<h2>Information de contact<\/h2>\n<p>[\/et_pb_text][et_pb_blurb use_icon=\u00bbon\u00bb font_icon=\u00bb&#xf879;||fa||900&#8243; icon_color=\u00bb#ffc324&#8243; icon_placement=\u00bbleft\u00bb _builder_version=\u00bb4.24.2&#8243; _module_preset=\u00bbdefault\u00bb header_level=\u00bbh3&#8243; header_font=\u00bbPoppins||||||||\u00bb header_font_size=\u00bb18px\u00bb body_font=\u00bbPoppins||||||||\u00bb body_text_color=\u00bb#000000&#8243; body_font_size=\u00bb18px\u00bb link_option_url=\u00bbtel:+34 933 35 21 90&#8243; custom_css_blurb_image=\u00bbpadding-right: 10px;\u00bb custom_css_blurb_title=\u00bbpadding-top: 6px;||\u00bb locked=\u00bboff\u00bb global_colors_info=\u00bb{}\u00bb]+34 933 35 21 90[\/et_pb_blurb][et_pb_blurb use_icon=\u00bbon\u00bb font_icon=\u00bb&#xf276;||fa||900&#8243; icon_color=\u00bb#ffc324&#8243; icon_placement=\u00bbleft\u00bb _builder_version=\u00bb4.24.2&#8243; _module_preset=\u00bbdefault\u00bb header_level=\u00bbh3&#8243; header_font=\u00bbPoppins||||||||\u00bb header_font_size=\u00bb18px\u00bb body_font=\u00bbPoppins||||||||\u00bb body_text_color=\u00bb#000000&#8243; body_font_size=\u00bb18px\u00bb custom_css_blurb_image=\u00bbpadding-right: 15px;||padding-left: 10px;||padding-top: 5px;\u00bb custom_css_blurb_title=\u00bbpadding-top: 0px;||\u00bb locked=\u00bboff\u00bb global_colors_info=\u00bb{}\u00bb]POLIGON INDUSTRIAL MERCABARNA, 2040 2042 PABELLON B, 08040 Barcelona[\/et_pb_blurb][et_pb_blurb use_icon=\u00bbon\u00bb font_icon=\u00bb&#xe076;||divi||400&#8243; icon_color=\u00bb#ffc324&#8243; icon_placement=\u00bbleft\u00bb _builder_version=\u00bb4.24.2&#8243; _module_preset=\u00bbdefault\u00bb header_level=\u00bbh3&#8243; header_font=\u00bbPoppins||||||||\u00bb header_font_size=\u00bb18px\u00bb body_font=\u00bbPoppins||||||||\u00bb body_text_color=\u00bb#000000&#8243; body_font_size=\u00bb18px\u00bb link_option_url=\u00bbmailto:administracion@condalfruit.com\u00bb custom_css_blurb_image=\u00bbpadding-right: 10px;\u00bb custom_css_blurb_title=\u00bb||\u00bb locked=\u00bboff\u00bb global_colors_info=\u00bb{}\u00bb]Administraci\u00f3n: administracion@condalfruit.com[\/et_pb_blurb][et_pb_blurb use_icon=\u00bbon\u00bb font_icon=\u00bb&#xe076;||divi||400&#8243; icon_color=\u00bb#ffc324&#8243; icon_placement=\u00bbleft\u00bb _builder_version=\u00bb4.24.2&#8243; _module_preset=\u00bbdefault\u00bb header_level=\u00bbh3&#8243; header_font=\u00bbPoppins||||||||\u00bb header_font_size=\u00bb18px\u00bb body_font=\u00bbPoppins||||||||\u00bb body_text_color=\u00bb#000000&#8243; body_font_size=\u00bb18px\u00bb link_option_url=\u00bbmailto:r.comercial@condalfruit.com\u00bb custom_css_blurb_image=\u00bbpadding-right: 10px;\u00bb custom_css_blurb_title=\u00bb||\u00bb locked=\u00bboff\u00bb global_colors_info=\u00bb{}\u00bb]Mercado nacional: r.comercial@condalfruit.com[\/et_pb_blurb][et_pb_blurb use_icon=\u00bbon\u00bb font_icon=\u00bb&#xe076;||divi||400&#8243; icon_color=\u00bb#ffc324&#8243; icon_placement=\u00bbleft\u00bb _builder_version=\u00bb4.25.1&#8243; _module_preset=\u00bbdefault\u00bb header_level=\u00bbh3&#8243; header_font=\u00bbPoppins||||||||\u00bb header_font_size=\u00bb18px\u00bb body_font=\u00bbPoppins||||||||\u00bb body_text_color=\u00bb#000000&#8243; body_font_size=\u00bb18px\u00bb link_option_url=\u00bbmailto:condalfruit@agemmercabarna.com\u00bb custom_css_blurb_image=\u00bbpadding-right: 10px;\u00bb custom_css_blurb_title=\u00bb||\u00bb locked=\u00bboff\u00bb global_colors_info=\u00bb{}\u00bb]Exportaci\u00f3n: condalfruit@agemmercabarna.com[\/et_pb_blurb][\/et_pb_column][et_pb_column type=\u00bb1_2&#8243; _builder_version=\u00bb4.20.0&#8243; _module_preset=\u00bbdefault\u00bb global_colors_info=\u00bb{}\u00bb][et_pb_text _builder_version=\u00bb4.22.1&#8243; _module_preset=\u00bbdefault\u00bb header_2_font=\u00bbPoppins||||||||\u00bb global_colors_info=\u00bb{}\u00bb]<\/p>\n<h2>Formulaire<\/h2>\n<p>[\/et_pb_text][et_pb_contact_form use_spam_service=\u00bbon\u00bb recaptcha_list=\u00bbDefault|Default-0&#8243; email=\u00bbadministracion@condalfruit.com\u00bb custom_message=\u00bbCorreu des de la WEB condalfruit.com||et_pb_line_break_holder||Nom: %%Name%%||et_pb_line_break_holder||Tel\u00e8fon: %%Telefono%%||et_pb_line_break_holder||Correu: %%Email%%||et_pb_line_break_holder||Missatge: %%message%%\u00bb submit_button_text=\u00bbEnv\u00eda\u00bb _builder_version=\u00bb4.27.0&#8243; _module_preset=\u00bbdefault\u00bb _unique_id=\u00bb20bffa56-eae1-4940-9a0e-452dfd6986fb\u00bb form_field_background_color=\u00bb#FFFFFF\u00bb form_field_text_color=\u00bb#000000&#8243; form_field_font=\u00bb|500|||||||\u00bb custom_button=\u00bbon\u00bb button_text_color=\u00bb#000000&#8243; button_bg_color=\u00bb#ffc324&#8243; button_border_width=\u00bb0px\u00bb custom_margin=\u00bb||||false|false\u00bb border_width_all=\u00bb2px\u00bb border_color_all=\u00bb#ffc324&#8243; locked=\u00bboff\u00bb global_colors_info=\u00bb{}\u00bb][et_pb_contact_field field_id=\u00bbName\u00bb field_title=\u00bbNombre *\u00bb fullwidth_field=\u00bbon\u00bb _builder_version=\u00bb4.27.0&#8243; global_colors_info=\u00bb{}\u00bb button_text_size__hover_enabled=\u00bboff\u00bb button_one_text_size__hover_enabled=\u00bboff\u00bb button_two_text_size__hover_enabled=\u00bboff\u00bb button_text_color__hover_enabled=\u00bboff\u00bb button_one_text_color__hover_enabled=\u00bboff\u00bb button_two_text_color__hover_enabled=\u00bboff\u00bb button_border_width__hover_enabled=\u00bboff\u00bb button_one_border_width__hover_enabled=\u00bboff\u00bb button_two_border_width__hover_enabled=\u00bboff\u00bb button_border_color__hover_enabled=\u00bboff\u00bb button_one_border_color__hover_enabled=\u00bboff\u00bb button_two_border_color__hover_enabled=\u00bboff\u00bb button_border_radius__hover_enabled=\u00bboff\u00bb button_one_border_radius__hover_enabled=\u00bboff\u00bb button_two_border_radius__hover_enabled=\u00bboff\u00bb button_letter_spacing__hover_enabled=\u00bboff\u00bb button_one_letter_spacing__hover_enabled=\u00bboff\u00bb button_two_letter_spacing__hover_enabled=\u00bboff\u00bb button_bg_color__hover_enabled=\u00bboff\u00bb button_one_bg_color__hover_enabled=\u00bboff\u00bb button_two_bg_color__hover_enabled=\u00bboff\u00bb][\/et_pb_contact_field][et_pb_contact_field field_id=\u00bbTelefono\u00bb field_title=\u00bbTel\u00e8fono\u00bb required_mark=\u00bboff\u00bb _builder_version=\u00bb4.27.0&#8243; global_colors_info=\u00bb{}\u00bb button_text_size__hover_enabled=\u00bboff\u00bb button_one_text_size__hover_enabled=\u00bboff\u00bb button_two_text_size__hover_enabled=\u00bboff\u00bb button_text_color__hover_enabled=\u00bboff\u00bb button_one_text_color__hover_enabled=\u00bboff\u00bb button_two_text_color__hover_enabled=\u00bboff\u00bb button_border_width__hover_enabled=\u00bboff\u00bb button_one_border_width__hover_enabled=\u00bboff\u00bb button_two_border_width__hover_enabled=\u00bboff\u00bb button_border_color__hover_enabled=\u00bboff\u00bb button_one_border_color__hover_enabled=\u00bboff\u00bb button_two_border_color__hover_enabled=\u00bboff\u00bb button_border_radius__hover_enabled=\u00bboff\u00bb button_one_border_radius__hover_enabled=\u00bboff\u00bb button_two_border_radius__hover_enabled=\u00bboff\u00bb button_letter_spacing__hover_enabled=\u00bboff\u00bb button_one_letter_spacing__hover_enabled=\u00bboff\u00bb button_two_letter_spacing__hover_enabled=\u00bboff\u00bb button_bg_color__hover_enabled=\u00bboff\u00bb button_one_bg_color__hover_enabled=\u00bboff\u00bb button_two_bg_color__hover_enabled=\u00bboff\u00bb][\/et_pb_contact_field][et_pb_contact_field field_id=\u00bbEmail\u00bb field_title=\u00bbCorreo electr\u00f3nico *\u00bb field_type=\u00bbemail\u00bb _builder_version=\u00bb4.27.0&#8243; global_colors_info=\u00bb{}\u00bb button_text_size__hover_enabled=\u00bboff\u00bb button_one_text_size__hover_enabled=\u00bboff\u00bb button_two_text_size__hover_enabled=\u00bboff\u00bb button_text_color__hover_enabled=\u00bboff\u00bb button_one_text_color__hover_enabled=\u00bboff\u00bb button_two_text_color__hover_enabled=\u00bboff\u00bb button_border_width__hover_enabled=\u00bboff\u00bb button_one_border_width__hover_enabled=\u00bboff\u00bb button_two_border_width__hover_enabled=\u00bboff\u00bb button_border_color__hover_enabled=\u00bboff\u00bb button_one_border_color__hover_enabled=\u00bboff\u00bb button_two_border_color__hover_enabled=\u00bboff\u00bb button_border_radius__hover_enabled=\u00bboff\u00bb button_one_border_radius__hover_enabled=\u00bboff\u00bb button_two_border_radius__hover_enabled=\u00bboff\u00bb button_letter_spacing__hover_enabled=\u00bboff\u00bb button_one_letter_spacing__hover_enabled=\u00bboff\u00bb button_two_letter_spacing__hover_enabled=\u00bboff\u00bb button_bg_color__hover_enabled=\u00bboff\u00bb button_one_bg_color__hover_enabled=\u00bboff\u00bb button_two_bg_color__hover_enabled=\u00bboff\u00bb][\/et_pb_contact_field][et_pb_contact_field field_id=\u00bbMessage\u00bb field_title=\u00bbMensaje *\u00bb field_type=\u00bbtext\u00bb fullwidth_field=\u00bbon\u00bb _builder_version=\u00bb4.27.0&#8243; global_colors_info=\u00bb{}\u00bb button_text_size__hover_enabled=\u00bboff\u00bb button_one_text_size__hover_enabled=\u00bboff\u00bb button_two_text_size__hover_enabled=\u00bboff\u00bb button_text_color__hover_enabled=\u00bboff\u00bb button_one_text_color__hover_enabled=\u00bboff\u00bb button_two_text_color__hover_enabled=\u00bboff\u00bb button_border_width__hover_enabled=\u00bboff\u00bb button_one_border_width__hover_enabled=\u00bboff\u00bb button_two_border_width__hover_enabled=\u00bboff\u00bb button_border_color__hover_enabled=\u00bboff\u00bb button_one_border_color__hover_enabled=\u00bboff\u00bb button_two_border_color__hover_enabled=\u00bboff\u00bb button_border_radius__hover_enabled=\u00bboff\u00bb button_one_border_radius__hover_enabled=\u00bboff\u00bb button_two_border_radius__hover_enabled=\u00bboff\u00bb button_letter_spacing__hover_enabled=\u00bboff\u00bb button_one_letter_spacing__hover_enabled=\u00bboff\u00bb button_two_letter_spacing__hover_enabled=\u00bboff\u00bb button_bg_color__hover_enabled=\u00bboff\u00bb button_one_bg_color__hover_enabled=\u00bboff\u00bb button_two_bg_color__hover_enabled=\u00bboff\u00bb][\/et_pb_contact_field][et_pb_contact_field field_id=\u00bbField_4&#8243; field_title=\u00bb \u00bb field_type=\u00bbcheckbox\u00bb checkbox_options=\u00bb%91{%22value%22:%22 Acepto la %22,%22checked%22:0,%22dragID%22:-1,%22link_text%22:%22Pol\u00edtica de privacidad%22,%22link_url%22:%22https:\/\/condalfruit.com\/politica-de-privacidad\/%22}%93&#8243; fullwidth_field=\u00bbon\u00bb _builder_version=\u00bb4.22.2&#8243; _module_preset=\u00bbdefault\u00bb global_colors_info=\u00bb{}\u00bb][\/et_pb_contact_field][\/et_pb_contact_form][et_pb_text _builder_version=\u00bb4.22.1&#8243; _module_preset=\u00bbdefault\u00bb link_font=\u00bb|600|||||||\u00bb link_text_color=\u00bb#000000&#8243; locked=\u00bboff\u00bb global_colors_info=\u00bb{}\u00bb link_text_color__hover_enabled=\u00bboff|desktop\u00bb]Este sitio est\u00e1 protegido por reCAPTCHA y se aplican la <a href=\"https:\/\/policies.google.com\/privacy\">Politique de confidentialit\u00e9<\/a> et les <a href=\"https:\/\/policies.google.com\/terms\">Conditions d&#039;utilisation de Google.<\/a>[\/et_pb_text][\/et_pb_column][\/et_pb_row][\/et_pb_section][et_pb_section fb_built=\u00bb1\u2033 _builder_version=\u00bb4.21.0\u2033 _module_preset=\u00bbdefault\u00bb global_colors_info=\u00bb{}\u00bb][et_pb_row _builder_version=\u00bb4.20.4 \u2033 _module_preset=\u00bbdefault\u00bb max_width=\u00bb1300px\u00bb global_colors_info=\u00bb{}\u00bb][et_pb_column type=\u00bb4_4\u2033 _builder_version=\u00bb4.20.4\u2033 _module_preset=\u00bbdefault\u00bb global_colors_info=\u00bb{}\u00bb][et_pb_text _builder_version=\u00bb4.21 .0\u2033 _module_preset=\u00bbpar d\u00e9faut\u00bb header_font=\u00bbSnack One||||||||\u00bb header_font_size=\u00bb50px\u00bb header_2_font=\u00bbSnack One||||||||\u00bb header_2_font_size=\u00bb40px\u00bb text_orientation=\u00bbcenter\u00bb custom_margin=\u00bb||15px||false|false\u00bb verrouill\u00e9=\u00bboff\u00bb global_colors_info=\u00bb{}\u00bb]<\/p>\n<h2>Carte<\/h2>\n<p>[\/et_pb_text][\/et_pb_column][\/et_pb_row][et_pb_row _builder_version=\u00bb4.21.0&#8243; _module_preset=\u00bbdefault\u00bb max_width=\u00bb1300px\u00bb global_colors_info=\u00bb{}\u00bb][et_pb_column type=\u00bb4_4&#8243; _builder_version=\u00bb4.21.0&#8243; _module_preset=\u00bbdefault\u00bb global_colors_info=\u00bb{}\u00bb][et_pb_code _builder_version=\u00bb4.27.4&#8243; _module_preset=\u00bbdefault\u00bb hover_enabled=\u00bb0&#8243; global_colors_info=\u00bb{}\u00bb sticky_enabled=\u00bb0&#8243;]<iframe title=\"Google maps\"src=\"https:\/\/www.google.com\/maps\/embed?pb=!1m14!1m8!1m3!1d11984.351220023791!2d2.1164967!3d41.328704!3m2!1i1024!2i768!4f13.1!3m3!1m2!1s0x12a49faccb7ee3e1%3A0x7df8b7b90ebacf2b!2sCONDALFRUIT%20S.L.!5e0!3m2!1sca!2ses!4v1686149311010!5m2!1sca!2ses\" width=\"1300\" height=\"450\" style=\"border:0;\" allowfullscreen=\"\" loading=\"lazy\" referrerpolicy=\"no-referrer-when-downgrade\"><\/iframe>[\/et_pb_code][\/et_pb_column][\/et_pb_row][\/et_pb_section]<\/p>","protected":false},"excerpt":{"rendered":"<p>Contacta con tu mayorista de frutas y verduras en MercabarnaInformaci\u00f3n de contacto+34 933 35 21 90POLIGON INDUSTRIAL MERCABARNA, 2040 2042 PABELLON B, 08040 BarcelonaAdministraci\u00f3n: administracion@condalfruit.comMercado nacional: r.comercial@condalfruit.comExportaci\u00f3n: condalfruit@agemmercabarna.comFormularioEste sitio est\u00e1 protegido por reCAPTCHA y se aplican la Pol\u00edtica de privacidad y las Condiciones del servicio de Google.Mapa<\/p>","protected":false},"author":1,"featured_media":0,"parent":0,"menu_order":0,"comment_status":"closed","ping_status":"open","template":"","meta":{"_et_pb_use_builder":"on","_et_pb_old_content":"","_et_gb_content_width":"","footnotes":""},"class_list":["post-194","page","type-page","status-publish","hentry"],"yoast_head":"<!-- This site is optimized with the Yoast SEO plugin v27.4 - https:\/\/yoast.com\/product\/yoast-seo-wordpress\/ -->\n<title>Contacto - CondalFruit<\/title>\n<meta name=\"description\" content=\"Contacta con nosotros, estaremos encantados de resolver cualquier tipo de duda que tengas sobre nuestra actividad.\" \/>\n<meta name=\"robots\" content=\"index, follow, max-snippet:-1, max-image-preview:large, max-video-preview:-1\" \/>\n<link rel=\"canonical\" href=\"https:\/\/condalfruit.com\/fra\/contact\/\" \/>\n<meta property=\"og:locale\" content=\"fr_FR\" \/>\n<meta property=\"og:type\" content=\"article\" \/>\n<meta property=\"og:title\" content=\"Contacto - CondalFruit\" \/>\n<meta property=\"og:description\" content=\"Contacta con nosotros, estaremos encantados de resolver cualquier tipo de duda que tengas sobre nuestra actividad.\" \/>\n<meta property=\"og:url\" content=\"https:\/\/condalfruit.com\/fra\/contact\/\" \/>\n<meta property=\"og:site_name\" content=\"CondalFruit\" \/>\n<meta property=\"article:publisher\" content=\"https:\/\/www.facebook.com\/profile.php?id=61554442655044\" \/>\n<meta property=\"article:modified_time\" content=\"2025-06-10T06:28:15+00:00\" \/>\n<meta name=\"twitter:card\" content=\"summary_large_image\" \/>\n<meta name=\"twitter:label1\" content=\"Dur\u00e9e de lecture estim\u00e9e\" \/>\n\t<meta name=\"twitter:data1\" content=\"2 minutes\" \/>\n<script type=\"application\/ld+json\" class=\"yoast-schema-graph\">{\"@context\":\"https:\\\/\\\/schema.org\",\"@graph\":[{\"@type\":\"WebPage\",\"@id\":\"https:\\\/\\\/condalfruit.com\\\/contacto\\\/\",\"url\":\"https:\\\/\\\/condalfruit.com\\\/contacto\\\/\",\"name\":\"Contacto - CondalFruit\",\"isPartOf\":{\"@id\":\"https:\\\/\\\/condalfruit.com\\\/#website\"},\"datePublished\":\"2023-06-07T13:44:22+00:00\",\"dateModified\":\"2025-06-10T06:28:15+00:00\",\"description\":\"Contacta con nosotros, estaremos encantados de resolver cualquier tipo de duda que tengas sobre nuestra actividad.\",\"breadcrumb\":{\"@id\":\"https:\\\/\\\/condalfruit.com\\\/contacto\\\/#breadcrumb\"},\"inLanguage\":\"fr-FR\",\"potentialAction\":[{\"@type\":\"ReadAction\",\"target\":[\"https:\\\/\\\/condalfruit.com\\\/contacto\\\/\"]}]},{\"@type\":\"BreadcrumbList\",\"@id\":\"https:\\\/\\\/condalfruit.com\\\/contacto\\\/#breadcrumb\",\"itemListElement\":[{\"@type\":\"ListItem\",\"position\":1,\"name\":\"Inici\",\"item\":\"https:\\\/\\\/condalfruit.com\\\/\"},{\"@type\":\"ListItem\",\"position\":2,\"name\":\"Contacto\"}]},{\"@type\":\"WebSite\",\"@id\":\"https:\\\/\\\/condalfruit.com\\\/#website\",\"url\":\"https:\\\/\\\/condalfruit.com\\\/\",\"name\":\"CondalFruit\",\"description\":\"Las mejores frutas y verduras\",\"publisher\":{\"@id\":\"https:\\\/\\\/condalfruit.com\\\/#organization\"},\"inLanguage\":\"fr-FR\"},{\"@type\":\"Organization\",\"@id\":\"https:\\\/\\\/condalfruit.com\\\/#organization\",\"name\":\"CondalFruit\",\"url\":\"https:\\\/\\\/condalfruit.com\\\/\",\"logo\":{\"@type\":\"ImageObject\",\"inLanguage\":\"fr-FR\",\"@id\":\"https:\\\/\\\/condalfruit.com\\\/#\\\/schema\\\/logo\\\/image\\\/\",\"url\":\"https:\\\/\\\/condalfruit.com\\\/wp-content\\\/uploads\\\/2023\\\/08\\\/favicon.png\",\"contentUrl\":\"https:\\\/\\\/condalfruit.com\\\/wp-content\\\/uploads\\\/2023\\\/08\\\/favicon.png\",\"width\":112,\"height\":112,\"caption\":\"CondalFruit\"},\"image\":{\"@id\":\"https:\\\/\\\/condalfruit.com\\\/#\\\/schema\\\/logo\\\/image\\\/\"},\"sameAs\":[\"https:\\\/\\\/www.facebook.com\\\/profile.php?id=61554442655044\",\"https:\\\/\\\/www.instagram.com\\\/condalfruit\\\/\"]}]}<\/script>\n<!-- \/ Yoast SEO plugin. -->","yoast_head_json":{"title":"Contacto - CondalFruit","description":"Contacta con nosotros, estaremos encantados de resolver cualquier tipo de duda que tengas sobre nuestra actividad.","robots":{"index":"index","follow":"follow","max-snippet":"max-snippet:-1","max-image-preview":"max-image-preview:large","max-video-preview":"max-video-preview:-1"},"canonical":"https:\/\/condalfruit.com\/fra\/contact\/","og_locale":"fr_FR","og_type":"article","og_title":"Contacto - CondalFruit","og_description":"Contacta con nosotros, estaremos encantados de resolver cualquier tipo de duda que tengas sobre nuestra actividad.","og_url":"https:\/\/condalfruit.com\/fra\/contact\/","og_site_name":"CondalFruit","article_publisher":"https:\/\/www.facebook.com\/profile.php?id=61554442655044","article_modified_time":"2025-06-10T06:28:15+00:00","twitter_card":"summary_large_image","twitter_misc":{"Dur\u00e9e de lecture estim\u00e9e":"2 minutes"},"schema":{"@context":"https:\/\/schema.org","@graph":[{"@type":"WebPage","@id":"https:\/\/condalfruit.com\/contacto\/","url":"https:\/\/condalfruit.com\/contacto\/","name":"Contacto - CondalFruit","isPartOf":{"@id":"https:\/\/condalfruit.com\/#website"},"datePublished":"2023-06-07T13:44:22+00:00","dateModified":"2025-06-10T06:28:15+00:00","description":"Contacta con nosotros, estaremos encantados de resolver cualquier tipo de duda que tengas sobre nuestra actividad.","breadcrumb":{"@id":"https:\/\/condalfruit.com\/contacto\/#breadcrumb"},"inLanguage":"fr-FR","potentialAction":[{"@type":"ReadAction","target":["https:\/\/condalfruit.com\/contacto\/"]}]},{"@type":"BreadcrumbList","@id":"https:\/\/condalfruit.com\/contacto\/#breadcrumb","itemListElement":[{"@type":"ListItem","position":1,"name":"Inici","item":"https:\/\/condalfruit.com\/"},{"@type":"ListItem","position":2,"name":"Contacto"}]},{"@type":"WebSite","@id":"https:\/\/condalfruit.com\/#website","url":"https:\/\/condalfruit.com\/","name":"CondalFruit","description":"Las mejores frutas y verduras","publisher":{"@id":"https:\/\/condalfruit.com\/#organization"},"inLanguage":"fr-FR"},{"@type":"Organization","@id":"https:\/\/condalfruit.com\/#organization","name":"CondalFruit","url":"https:\/\/condalfruit.com\/","logo":{"@type":"ImageObject","inLanguage":"fr-FR","@id":"https:\/\/condalfruit.com\/#\/schema\/logo\/image\/","url":"https:\/\/condalfruit.com\/wp-content\/uploads\/2023\/08\/favicon.png","contentUrl":"https:\/\/condalfruit.com\/wp-content\/uploads\/2023\/08\/favicon.png","width":112,"height":112,"caption":"CondalFruit"},"image":{"@id":"https:\/\/condalfruit.com\/#\/schema\/logo\/image\/"},"sameAs":["https:\/\/www.facebook.com\/profile.php?id=61554442655044","https:\/\/www.instagram.com\/condalfruit\/"]}]}},"_links":{"self":[{"href":"https:\/\/condalfruit.com\/fra\/wp-json\/wp\/v2\/pages\/194","targetHints":{"allow":["GET"]}}],"collection":[{"href":"https:\/\/condalfruit.com\/fra\/wp-json\/wp\/v2\/pages"}],"about":[{"href":"https:\/\/condalfruit.com\/fra\/wp-json\/wp\/v2\/types\/page"}],"author":[{"embeddable":true,"href":"https:\/\/condalfruit.com\/fra\/wp-json\/wp\/v2\/users\/1"}],"replies":[{"embeddable":true,"href":"https:\/\/condalfruit.com\/fra\/wp-json\/wp\/v2\/comments?post=194"}],"version-history":[{"count":41,"href":"https:\/\/condalfruit.com\/fra\/wp-json\/wp\/v2\/pages\/194\/revisions"}],"predecessor-version":[{"id":1459,"href":"https:\/\/condalfruit.com\/fra\/wp-json\/wp\/v2\/pages\/194\/revisions\/1459"}],"wp:attachment":[{"href":"https:\/\/condalfruit.com\/fra\/wp-json\/wp\/v2\/media?parent=194"}],"curies":[{"name":"wp","href":"https:\/\/api.w.org\/{rel}","templated":true}]}}