{"id":340,"date":"2023-06-01T10:40:08","date_gmt":"2023-06-01T10:40:08","guid":{"rendered":"https:\/\/assisoft-kitdigital.com\/master\/?page_id=80"},"modified":"2024-01-30T12:42:33","modified_gmt":"2024-01-30T12:42:33","slug":"politica-de-privacidad","status":"publish","type":"page","link":"https:\/\/condalfruit.com\/fra\/politique-de-confidentialite\/","title":{"rendered":"Politique de confidentialit\u00e9"},"content":{"rendered":"<h2 class=\"wp-block-heading\">Responsable du traitement des donn\u00e9es<\/h2>\n\n\n\n<p>Le responsable du traitement des donn\u00e9es personnelles collect\u00e9es sur le site CondalFruit SL est :<\/p>\n\n\n\n<p>ENTREPRISE: CondalFruit SL<\/p>\n\n\n\n<p>CIF : B60282423<\/p>\n\n\n\n<p>ADRESSE : POLIGON INDUSTRIAL MERCABARNA, 2040 2042 PABELLON B, 08040 Barcelone<\/p>\n\n\n\n<p>T\u00c9L\u00c9PHONE : +34 933 35 21 90<\/p>\n\n\n\n<p>COURRIEL\u00a0: administracion@condalfruit.com<\/p>\n\n\n\n<p>DOMAINE\u00a0: condalfruit.com<\/p>\n\n\n\n<h2 class=\"wp-block-heading\">Finalit\u00e9 du traitement des donn\u00e9es<\/h2>\n\n\n\n<p>La collecte de donn\u00e9es a pour finalit\u00e9 d&#039;entretenir un contact direct et personnalis\u00e9 avec nos Utilisateurs. De cette mani\u00e8re, nous utiliserons vos donn\u00e9es pour r\u00e9pondre \u00e0 toutes questions ou informations que vous avez demand\u00e9es, g\u00e9rer vos demandes et vous garantir une exp\u00e9rience respectant les standards les plus \u00e9lev\u00e9s.<\/p>\n\n\n\n<p>Nous utiliserons l&#039;e-mail \u00e0 partir duquel vous nous \u00e9crivez dans notre courrier \u00e9lectronique pour vous envoyer des informations relatives aux doutes ou pr\u00e9occupations que vous avez soulev\u00e9s ou pour effectuer les d\u00e9marches ou vous aider dans les d\u00e9marches dont vous avez besoin.<\/p>\n\n\n\n<p>En aucun cas vous ne recevrez d&#039;informations de tiers sans les avoir pr\u00e9alablement inform\u00e9s et demand\u00e9 leur consentement expr\u00e8s, garantissant ainsi le respect des param\u00e8tres de la r\u00e9glementation europ\u00e9enne ; aucun type de transfert international ayant pour objet vos donn\u00e9es personnelles ne sera effectu\u00e9 non plus.<\/p>\n\n\n\n<h2 class=\"wp-block-heading\">Qualit\u00e9 des donn\u00e9es<\/h2>\n\n\n\n<p>Le document pr\u00e9sent\u00e9 ici ainsi que toutes les informations \u00e9crites sont conformes \u00e0 l&#039;article 4.3 de la LOPD. La derni\u00e8re modification de cet article a \u00e9t\u00e9 effectu\u00e9e le 30\/01\/2024.<\/p>\n\n\n\n<h2 class=\"wp-block-heading\">Dur\u00e9e de conservation des donn\u00e9es<\/h2>\n\n\n\n<p>Les donn\u00e9es personnelles fournies seront conserv\u00e9es jusqu&#039;\u00e0 ce que leur suspension soit demand\u00e9e par l&#039;int\u00e9ress\u00e9, exer\u00e7ant ses droits sur les donn\u00e9es, et en tout cas dans le respect des d\u00e9lais de prescription l\u00e9gaux applicables.<\/p>\n\n\n\n<h2 class=\"wp-block-heading\">Transferts et cessions de donn\u00e9es internationales<\/h2>\n\n\n\n<p>Les donn\u00e9es ne seront communiqu\u00e9es ni transf\u00e9r\u00e9es \u00e0 aucun destinataire.<\/p>\n\n\n\n<h2 class=\"wp-block-heading\">biscuits<\/h2>\n\n\n\n<p>Un cookie est un fichier t\u00e9l\u00e9charg\u00e9 sur un ordinateur lorsque vous acc\u00e9dez \u00e0 certains sites Web. Les cookies permettent, entre autres, \u00e0 un site Internet de stocker et de r\u00e9cup\u00e9rer des informations sur les habitudes de navigation d&#039;un utilisateur ou de son \u00e9quipement et, en fonction des informations qu&#039;ils contiennent et de la mani\u00e8re dont vous utilisez votre \u00e9quipement, ils peuvent vous permettre de reconna\u00eetre l&#039;utilisateur. . Les cookies sont uniquement associ\u00e9s \u00e0 un utilisateur anonyme et \u00e0 son ordinateur ou appareil, et ne fournissent pas de r\u00e9f\u00e9rences permettant d&#039;identifier ses donn\u00e9es personnelles.<\/p>\n\n\n\n<p>Le portail condalfruit.com utilise des cookies des types suivants :<\/p>\n\n\n\n<ul class=\"wp-block-list\">\n<li>Cookies techniques. Ils sont n\u00e9cessaires \u00e0 l\u2019utilisation du web.<\/li>\n\n\n\n<li>Cookies de personnalisation. Ils permettent \u00e0 l&#039;utilisateur d&#039;acc\u00e9der au service avec des caract\u00e9ristiques pr\u00e9d\u00e9finies, telles que la langue, le navigateur, les param\u00e8tres r\u00e9gionaux, etc.<\/li>\n\n\n\n<li>Cookies d&#039;analyse. Ils collectent des informations sur l&#039;utilisation qui est faite du site Internet.<\/li>\n<\/ul>\n\n\n\n<p>Les cookies analytiques tiers que CondalFruit SL utilise sur son portail sont Google Analytics : des cookies analytiques qui collectent de mani\u00e8re anonyme des informations sur le trafic et le comportement des utilisateurs sur le site Web.<\/p>\n\n\n\n<p>L&#039;utilisation de cookies tiers est soumise aux politiques de confidentialit\u00e9 de ces tiers.<\/p>\n\n\n\n<p>L&#039;installation de cookies se fait \u00e0 chaque fois que l&#039;utilisateur donne son autorisation \u00e0 son navigateur. L&#039;utilisateur peut toujours, s&#039;il le juge opportun, activer les options du navigateur pour refuser l&#039;installation de cookies.<\/p>\n\n\n\n<h2 class=\"wp-block-heading\">Droits de l&#039;utilisateur<\/h2>\n\n\n\n<p>L&#039;utilisateur dispose des droits suivants sur ses donn\u00e9es :<\/p>\n\n\n\n<p><strong>Acc\u00e9der:<\/strong> Il permet \u00e0 l&#039;utilisateur de demander au responsable d&#039;un fichier si les donn\u00e9es sont en cours de traitement.<\/p>\n\n\n\n<p><strong>Rectification:<\/strong> Permet \u00e0 l&#039;utilisateur concern\u00e9 de demander la modification de donn\u00e9es inexactes ou incompl\u00e8tes.<\/p>\n\n\n\n<p><strong>Annulation:<\/strong> L&#039;utilisateur concern\u00e9 peut demander la suppression des donn\u00e9es inappropri\u00e9es ou excessives, sans pr\u00e9judice de l&#039;obligation de blocage.<\/p>\n\n\n\n<p><strong>Opposition:<\/strong> Il s&#039;agit du droit d&#039;un utilisateur de s&#039;opposer au traitement de ses donn\u00e9es personnelles.<\/p>\n\n\n\n<p><strong>Portabilit\u00e9:<\/strong> Vous pouvez recevoir vos donn\u00e9es personnelles fournies dans un format structur\u00e9, couramment utilis\u00e9 et lisible par machine et pouvoir les transmettre \u00e0 un autre responsable, dans la mesure o\u00f9 cela est techniquement possible.<\/p>\n\n\n\n<p><strong>Oubli\u00e9:<\/strong> L&#039;utilisateur peut demander la suppression des donn\u00e9es personnelles sans d\u00e9lai lorsque l&#039;un des cas envisag\u00e9s se produit. Par exemple, en cas de traitement illicite de donn\u00e9es ou lorsque la finalit\u00e9 qui a motiv\u00e9 le traitement ou la collecte a disparu.<\/p>\n\n\n\n<p><strong>Limitation du traitement\u00a0:<\/strong> En g\u00e9n\u00e9ral, dans les cas o\u00f9 il n&#039;est pas clair si les donn\u00e9es personnelles doivent \u00eatre effac\u00e9es, vous pouvez exercer votre droit \u00e0 la limitation du traitement. Ce droit existe dans les cas suivants : (i) lorsque l&#039;exactitude des donn\u00e9es en question est mise en doute ; (ii) lorsque vous ne souhaitez pas que les donn\u00e9es soient supprim\u00e9es ; (iii) lorsque les donn\u00e9es ne sont plus n\u00e9cessaires aux fins initiales, mais que des poursuites judiciaires peuvent survenir\u00a0; (iv) lorsque la d\u00e9cision concernant votre objection au traitement est en attente.<\/p>\n\n\n\n<p>Pour exercer ses droits, l&#039;utilisateur peut contacter administracion@condalfruit.com ou en \u00e9crivant \u00e0 POLIGON INDUSTRIAL MERCABARNA, 2040 2042 PABELLON B, 08040 Barcelone<\/p>","protected":false},"excerpt":{"rendered":"<p>Responsable du traitement des donn\u00e9es Le responsable du traitement des donn\u00e9es personnelles collect\u00e9es sur le site Web de CondalFruit SL est : SOCI\u00c9T\u00c9 : CondalFruit SL CIF : B60282423 ADRESSE : POLIGON INDUSTRIAL MERCABARNA, 2040 2042 PABELLON B, 08040 Barcelona T\u00c9L\u00c9PHONE : +34 933 35 21 90 EMAIL : administracion @condalfruit.com DOMAINE : condalfruit.com Finalit\u00e9 du traitement des donn\u00e9es La finalit\u00e9 de [\u2026]<\/p>","protected":false},"author":1,"featured_media":0,"parent":0,"menu_order":0,"comment_status":"closed","ping_status":"open","template":"","meta":{"_et_pb_use_builder":"off","_et_pb_old_content":"","_et_gb_content_width":"1080","footnotes":""},"class_list":["post-340","page","type-page","status-publish","hentry"],"yoast_head":"<!-- This site is optimized with the Yoast SEO plugin v27.4 - https:\/\/yoast.com\/product\/yoast-seo-wordpress\/ -->\n<title>Pol\u00edtica de privacidad - CondalFruit<\/title>\n<meta name=\"robots\" content=\"noindex, follow\" \/>\n<meta property=\"og:locale\" content=\"fr_FR\" \/>\n<meta property=\"og:type\" content=\"article\" \/>\n<meta property=\"og:title\" content=\"Pol\u00edtica de privacidad - CondalFruit\" \/>\n<meta property=\"og:description\" content=\"Responsable del tratamiento de los datos El responsable del tratamiento de datos personales recogidos en la web de CondalFruit S.L. es: EMPRESA: CondalFruit S.L. CIF: B60282423 DOMICILIO: POLIGON INDUSTRIAL MERCABARNA, 2040 2042 PABELLON B, 08040 Barcelona TEL\u00c9FONO: +34 933 35 21 90 EMAIL: administracion@condalfruit.com DOMINIO: condalfruit.com Finalidad del tratamiento de los datos La finalidad de [&hellip;]\" \/>\n<meta property=\"og:url\" content=\"https:\/\/condalfruit.com\/fra\/politique-de-confidentialite\/\" \/>\n<meta property=\"og:site_name\" content=\"CondalFruit\" \/>\n<meta property=\"article:publisher\" content=\"https:\/\/www.facebook.com\/profile.php?id=61554442655044\" \/>\n<meta property=\"article:modified_time\" content=\"2024-01-30T12:42:33+00:00\" \/>\n<meta name=\"twitter:card\" content=\"summary_large_image\" \/>\n<meta name=\"twitter:label1\" content=\"Dur\u00e9e de lecture estim\u00e9e\" \/>\n\t<meta name=\"twitter:data1\" content=\"4 minutes\" \/>\n<script type=\"application\/ld+json\" class=\"yoast-schema-graph\">{\"@context\":\"https:\\\/\\\/schema.org\",\"@graph\":[{\"@type\":\"WebPage\",\"@id\":\"https:\\\/\\\/condalfruit.com\\\/politica-de-privacidad\\\/\",\"url\":\"https:\\\/\\\/condalfruit.com\\\/politica-de-privacidad\\\/\",\"name\":\"Pol\u00edtica de privacidad - CondalFruit\",\"isPartOf\":{\"@id\":\"https:\\\/\\\/condalfruit.com\\\/#website\"},\"datePublished\":\"2023-06-01T10:40:08+00:00\",\"dateModified\":\"2024-01-30T12:42:33+00:00\",\"breadcrumb\":{\"@id\":\"https:\\\/\\\/condalfruit.com\\\/politica-de-privacidad\\\/#breadcrumb\"},\"inLanguage\":\"fr-FR\",\"potentialAction\":[{\"@type\":\"ReadAction\",\"target\":[\"https:\\\/\\\/condalfruit.com\\\/politica-de-privacidad\\\/\"]}]},{\"@type\":\"BreadcrumbList\",\"@id\":\"https:\\\/\\\/condalfruit.com\\\/politica-de-privacidad\\\/#breadcrumb\",\"itemListElement\":[{\"@type\":\"ListItem\",\"position\":1,\"name\":\"Inici\",\"item\":\"https:\\\/\\\/condalfruit.com\\\/\"},{\"@type\":\"ListItem\",\"position\":2,\"name\":\"Pol\u00edtica de privacidad\"}]},{\"@type\":\"WebSite\",\"@id\":\"https:\\\/\\\/condalfruit.com\\\/#website\",\"url\":\"https:\\\/\\\/condalfruit.com\\\/\",\"name\":\"CondalFruit\",\"description\":\"Las mejores frutas y verduras\",\"publisher\":{\"@id\":\"https:\\\/\\\/condalfruit.com\\\/#organization\"},\"inLanguage\":\"fr-FR\"},{\"@type\":\"Organization\",\"@id\":\"https:\\\/\\\/condalfruit.com\\\/#organization\",\"name\":\"CondalFruit\",\"url\":\"https:\\\/\\\/condalfruit.com\\\/\",\"logo\":{\"@type\":\"ImageObject\",\"inLanguage\":\"fr-FR\",\"@id\":\"https:\\\/\\\/condalfruit.com\\\/#\\\/schema\\\/logo\\\/image\\\/\",\"url\":\"https:\\\/\\\/condalfruit.com\\\/wp-content\\\/uploads\\\/2023\\\/08\\\/favicon.png\",\"contentUrl\":\"https:\\\/\\\/condalfruit.com\\\/wp-content\\\/uploads\\\/2023\\\/08\\\/favicon.png\",\"width\":112,\"height\":112,\"caption\":\"CondalFruit\"},\"image\":{\"@id\":\"https:\\\/\\\/condalfruit.com\\\/#\\\/schema\\\/logo\\\/image\\\/\"},\"sameAs\":[\"https:\\\/\\\/www.facebook.com\\\/profile.php?id=61554442655044\",\"https:\\\/\\\/www.instagram.com\\\/condalfruit\\\/\"]}]}<\/script>\n<!-- \/ Yoast SEO plugin. -->","yoast_head_json":{"title":"Pol\u00edtica de privacidad - CondalFruit","robots":{"index":"noindex","follow":"follow"},"og_locale":"fr_FR","og_type":"article","og_title":"Pol\u00edtica de privacidad - CondalFruit","og_description":"Responsable del tratamiento de los datos El responsable del tratamiento de datos personales recogidos en la web de CondalFruit S.L. es: EMPRESA: CondalFruit S.L. CIF: B60282423 DOMICILIO: POLIGON INDUSTRIAL MERCABARNA, 2040 2042 PABELLON B, 08040 Barcelona TEL\u00c9FONO: +34 933 35 21 90 EMAIL: administracion@condalfruit.com DOMINIO: condalfruit.com Finalidad del tratamiento de los datos La finalidad de [&hellip;]","og_url":"https:\/\/condalfruit.com\/fra\/politique-de-confidentialite\/","og_site_name":"CondalFruit","article_publisher":"https:\/\/www.facebook.com\/profile.php?id=61554442655044","article_modified_time":"2024-01-30T12:42:33+00:00","twitter_card":"summary_large_image","twitter_misc":{"Dur\u00e9e de lecture estim\u00e9e":"4 minutes"},"schema":{"@context":"https:\/\/schema.org","@graph":[{"@type":"WebPage","@id":"https:\/\/condalfruit.com\/politica-de-privacidad\/","url":"https:\/\/condalfruit.com\/politica-de-privacidad\/","name":"Pol\u00edtica de privacidad - CondalFruit","isPartOf":{"@id":"https:\/\/condalfruit.com\/#website"},"datePublished":"2023-06-01T10:40:08+00:00","dateModified":"2024-01-30T12:42:33+00:00","breadcrumb":{"@id":"https:\/\/condalfruit.com\/politica-de-privacidad\/#breadcrumb"},"inLanguage":"fr-FR","potentialAction":[{"@type":"ReadAction","target":["https:\/\/condalfruit.com\/politica-de-privacidad\/"]}]},{"@type":"BreadcrumbList","@id":"https:\/\/condalfruit.com\/politica-de-privacidad\/#breadcrumb","itemListElement":[{"@type":"ListItem","position":1,"name":"Inici","item":"https:\/\/condalfruit.com\/"},{"@type":"ListItem","position":2,"name":"Pol\u00edtica de privacidad"}]},{"@type":"WebSite","@id":"https:\/\/condalfruit.com\/#website","url":"https:\/\/condalfruit.com\/","name":"CondalFruit","description":"Las mejores frutas y verduras","publisher":{"@id":"https:\/\/condalfruit.com\/#organization"},"inLanguage":"fr-FR"},{"@type":"Organization","@id":"https:\/\/condalfruit.com\/#organization","name":"CondalFruit","url":"https:\/\/condalfruit.com\/","logo":{"@type":"ImageObject","inLanguage":"fr-FR","@id":"https:\/\/condalfruit.com\/#\/schema\/logo\/image\/","url":"https:\/\/condalfruit.com\/wp-content\/uploads\/2023\/08\/favicon.png","contentUrl":"https:\/\/condalfruit.com\/wp-content\/uploads\/2023\/08\/favicon.png","width":112,"height":112,"caption":"CondalFruit"},"image":{"@id":"https:\/\/condalfruit.com\/#\/schema\/logo\/image\/"},"sameAs":["https:\/\/www.facebook.com\/profile.php?id=61554442655044","https:\/\/www.instagram.com\/condalfruit\/"]}]}},"_links":{"self":[{"href":"https:\/\/condalfruit.com\/fra\/wp-json\/wp\/v2\/pages\/340","targetHints":{"allow":["GET"]}}],"collection":[{"href":"https:\/\/condalfruit.com\/fra\/wp-json\/wp\/v2\/pages"}],"about":[{"href":"https:\/\/condalfruit.com\/fra\/wp-json\/wp\/v2\/types\/page"}],"author":[{"embeddable":true,"href":"https:\/\/condalfruit.com\/fra\/wp-json\/wp\/v2\/users\/1"}],"replies":[{"embeddable":true,"href":"https:\/\/condalfruit.com\/fra\/wp-json\/wp\/v2\/comments?post=340"}],"version-history":[{"count":4,"href":"https:\/\/condalfruit.com\/fra\/wp-json\/wp\/v2\/pages\/340\/revisions"}],"predecessor-version":[{"id":1026,"href":"https:\/\/condalfruit.com\/fra\/wp-json\/wp\/v2\/pages\/340\/revisions\/1026"}],"wp:attachment":[{"href":"https:\/\/condalfruit.com\/fra\/wp-json\/wp\/v2\/media?parent=340"}],"curies":[{"name":"wp","href":"https:\/\/api.w.org\/{rel}","templated":true}]}}