{"id":340,"date":"2023-06-01T10:40:08","date_gmt":"2023-06-01T10:40:08","guid":{"rendered":"https:\/\/assisoft-kitdigital.com\/master\/?page_id=80"},"modified":"2024-01-30T12:42:33","modified_gmt":"2024-01-30T12:42:33","slug":"politica-de-privacidad","status":"publish","type":"page","link":"https:\/\/condalfruit.com\/ita\/politica-sulla-riservatezza\/","title":{"rendered":"Politica sulla riservatezza"},"content":{"rendered":"<h2 class=\"wp-block-heading\">Titolare del trattamento<\/h2>\n\n\n\n<p>Il responsabile del trattamento dei dati personali raccolti sul sito web di CondalFruit SL \u00e8:<\/p>\n\n\n\n<p>AZIENDA: CondalFruit SL<\/p>\n\n\n\n<p>CIF: B60282423<\/p>\n\n\n\n<p>INDIRIZZO: POLIGON INDUSTRIAL MERCABARNA, 2040 2042 PABELLON B, 08040 Barcellona<\/p>\n\n\n\n<p>TELEFONO: +34 933 35 21 90<\/p>\n\n\n\n<p>E-MAIL: administracion@condalfruit.com<\/p>\n\n\n\n<p>DOMINIO: condalfruit.com<\/p>\n\n\n\n<h2 class=\"wp-block-heading\">Finalit\u00e0 del trattamento dei dati<\/h2>\n\n\n\n<p>Lo scopo della raccolta dei dati \u00e8 mantenere un contatto diretto e personalizzato con i nostri Utenti. In questo modo utilizzeremo i tuoi dati per rispondere a qualsiasi domanda o informazione da te richiesta, gestire le tue richieste e garantirti un&#039;esperienza che rispetti gli standard pi\u00f9 elevati.<\/p>\n\n\n\n<p>Utilizzeremo l&#039;e-mail da cui ci scrivi nella nostra e-mail per inviarti informazioni relative ai dubbi o preoccupazioni che hai sollevato o per svolgere le procedure o aiutarti con le procedure di cui hai bisogno.<\/p>\n\n\n\n<p>In nessun caso riceverai informazioni da soggetti terzi senza averli preventivamente informati e richiesto il loro consenso espresso, garantendo cos\u00ec il rispetto dei parametri della normativa europea; n\u00e9 verr\u00e0 effettuato alcun tipo di trasferimento internazionale che abbia ad oggetto i tuoi dati personali.<\/p>\n\n\n\n<h2 class=\"wp-block-heading\">Qualit\u00e0 dei dati<\/h2>\n\n\n\n<p>Il documento qui mostrato e tutte le informazioni scritte sono conformi all&#039;articolo 4.3 della LOPD. L&#039;ultima modifica a questo articolo \u00e8 stata apportata il 30\/01\/2024.<\/p>\n\n\n\n<h2 class=\"wp-block-heading\">Periodo di conservazione dei dati<\/h2>\n\n\n\n<p>I dati personali forniti saranno conservati fino alla sospensione richiesta dall&#039;interessato, esercitando i propri diritti sui dati, e comunque nel rispetto dei termini di prescrizione previsti dalla legge.<\/p>\n\n\n\n<h2 class=\"wp-block-heading\">Trasferimenti e assegnazioni internazionali di dati<\/h2>\n\n\n\n<p>I dati non saranno comunicati n\u00e9 ceduti ad alcun destinatario.<\/p>\n\n\n\n<h2 class=\"wp-block-heading\">biscotti<\/h2>\n\n\n\n<p>Un cookie \u00e8 un file che viene scaricato su un computer quando si accede a determinati siti web. I cookie consentono a un sito web, tra le altre cose, di archiviare e recuperare informazioni sulle abitudini di navigazione di un utente o delle sue apparecchiature e, a seconda delle informazioni che contengono e del modo in cui utilizzi le sue apparecchiature, possono consentire di riconoscere l&#039;utente. . I cookie sono associati solo a un utente anonimo e al suo computer o dispositivo e non forniscono riferimenti che consentano l&#039;identificazione dei suoi dati personali.<\/p>\n\n\n\n<p>Il portale condalfruit.com utilizza cookie delle seguenti tipologie:<\/p>\n\n\n\n<ul class=\"wp-block-list\">\n<li>Cookie tecnici. Sono necessari per l&#039;uso del web.<\/li>\n\n\n\n<li>Cookie di personalizzazione. Consentono all&#039;utente di accedere al servizio con caratteristiche predefinite, come lingua, browser, impostazioni regionali, ecc.<\/li>\n\n\n\n<li>Cookie di analisi. Raccolgono informazioni sull&#039;uso fatto del sito web.<\/li>\n<\/ul>\n\n\n\n<p>I cookie analitici di terze parti che CondalFruit SL utilizza sul proprio portale sono Google Analytics: cookie analitici che raccolgono informazioni sul traffico e sul comportamento degli utenti sul sito web in modo anonimo.<\/p>\n\n\n\n<p>L&#039;utilizzo di cookie di terze parti \u00e8 soggetto alle politiche sulla privacy di tali terze parti.<\/p>\n\n\n\n<p>L&#039;installazione dei cookie avviene ogni volta che l&#039;utente d\u00e0 l&#039;autorizzazione al proprio browser. L&#039;utente pu\u00f2 sempre, se lo ritiene opportuno, attivare le opzioni del browser per rifiutare l&#039;installazione dei cookie.<\/p>\n\n\n\n<h2 class=\"wp-block-heading\">Diritti dell&#039;utente<\/h2>\n\n\n\n<p>L&#039;utente ha i seguenti diritti sui propri dati:<\/p>\n\n\n\n<p><strong>Accesso:<\/strong> Consente all&#039;utente di richiedere informazioni al responsabile del file sull&#039;eventuale elaborazione dei dati.<\/p>\n\n\n\n<p><strong>Rettifica:<\/strong> Consente all&#039;utente interessato di richiedere la modifica di dati inaccurati o incompleti.<\/p>\n\n\n\n<p><strong>Cancellazione:<\/strong> L&#039;utente interessato pu\u00f2 richiedere la cancellazione dei dati inappropriati o eccessivi, fermo restando l&#039;obbligo di blocco.<\/p>\n\n\n\n<p><strong>Opposizione:<\/strong> Questo \u00e8 il diritto di un utente di opporsi al trattamento dei propri dati personali.<\/p>\n\n\n\n<p><strong>Portabilit\u00e0:<\/strong> Potrai ricevere i tuoi dati personali forniti in un formato strutturato, di uso comune e leggibile da dispositivo automatico ed essere in grado di trasmetterli a un altro responsabile, quando tecnicamente possibile.<\/p>\n\n\n\n<p><strong>Dimenticato:<\/strong> L&#039;utente pu\u00f2 richiedere la cancellazione dei dati personali senza debito ritardo quando si verifica uno dei casi previsti. Ad esempio, trattamento illecito dei dati o quando viene meno lo scopo che ha motivato il trattamento o la raccolta.<\/p>\n\n\n\n<p><strong>Limitazione nel trattamento:<\/strong> In generale, nei casi in cui non sia chiaro se i dati personali debbano essere cancellati, puoi esercitare il tuo diritto di limitazione del trattamento. Questo diritto esiste nei seguenti casi: (i) quando l&#039;esattezza dei dati in questione \u00e8 dubbia; (ii) quando non si desidera che i dati vengano cancellati; (iii) quando i dati non sono pi\u00f9 necessari per lo scopo originario, ma possono insorgere azioni legali; (iv) quando \u00e8 pendente la decisione sulla tua opposizione al trattamento.<\/p>\n\n\n\n<p>Per esercitare i propri diritti, l&#039;utente pu\u00f2 contattare administracion@condalfruit.com o scrivendo a POLIGON INDUSTRIAL MERCABARNA, 2040 2042 PABELLON B, 08040 Barcelona<\/p>","protected":false},"excerpt":{"rendered":"<p>Responsabile del trattamento dei dati Il responsabile del trattamento dei dati personali raccolti sul sito web di CondalFruit SL \u00e8: AZIENDA: CondalFruit SL CIF: B60282423 INDIRIZZO: POLIGON INDUSTRIAL MERCABARNA, 2040 2042 PABELLON B, 08040 Barcelona TELEFONO: +34 933 35 21 90 EMAIL: administracion @condalfruit.com DOMINIO: condalfruit.com Finalit\u00e0 del trattamento dei dati La finalit\u00e0 di [\u2026]<\/p>","protected":false},"author":1,"featured_media":0,"parent":0,"menu_order":0,"comment_status":"closed","ping_status":"open","template":"","meta":{"_et_pb_use_builder":"off","_et_pb_old_content":"","_et_gb_content_width":"1080","footnotes":""},"class_list":["post-340","page","type-page","status-publish","hentry"],"yoast_head":"<!-- This site is optimized with the Yoast SEO plugin v27.4 - https:\/\/yoast.com\/product\/yoast-seo-wordpress\/ -->\n<title>Pol\u00edtica de privacidad - CondalFruit<\/title>\n<meta name=\"robots\" content=\"noindex, follow\" \/>\n<meta property=\"og:locale\" content=\"it_IT\" \/>\n<meta property=\"og:type\" content=\"article\" \/>\n<meta property=\"og:title\" content=\"Pol\u00edtica de privacidad - CondalFruit\" \/>\n<meta property=\"og:description\" content=\"Responsable del tratamiento de los datos El responsable del tratamiento de datos personales recogidos en la web de CondalFruit S.L. es: EMPRESA: CondalFruit S.L. CIF: B60282423 DOMICILIO: POLIGON INDUSTRIAL MERCABARNA, 2040 2042 PABELLON B, 08040 Barcelona TEL\u00c9FONO: +34 933 35 21 90 EMAIL: administracion@condalfruit.com DOMINIO: condalfruit.com Finalidad del tratamiento de los datos La finalidad de [&hellip;]\" \/>\n<meta property=\"og:url\" content=\"https:\/\/condalfruit.com\/ita\/politica-sulla-riservatezza\/\" \/>\n<meta property=\"og:site_name\" content=\"CondalFruit\" \/>\n<meta property=\"article:publisher\" content=\"https:\/\/www.facebook.com\/profile.php?id=61554442655044\" \/>\n<meta property=\"article:modified_time\" content=\"2024-01-30T12:42:33+00:00\" \/>\n<meta name=\"twitter:card\" content=\"summary_large_image\" \/>\n<meta name=\"twitter:label1\" content=\"Tempo di lettura stimato\" \/>\n\t<meta name=\"twitter:data1\" content=\"4 minuti\" \/>\n<script type=\"application\/ld+json\" class=\"yoast-schema-graph\">{\"@context\":\"https:\\\/\\\/schema.org\",\"@graph\":[{\"@type\":\"WebPage\",\"@id\":\"https:\\\/\\\/condalfruit.com\\\/politica-de-privacidad\\\/\",\"url\":\"https:\\\/\\\/condalfruit.com\\\/politica-de-privacidad\\\/\",\"name\":\"Pol\u00edtica de privacidad - CondalFruit\",\"isPartOf\":{\"@id\":\"https:\\\/\\\/condalfruit.com\\\/#website\"},\"datePublished\":\"2023-06-01T10:40:08+00:00\",\"dateModified\":\"2024-01-30T12:42:33+00:00\",\"breadcrumb\":{\"@id\":\"https:\\\/\\\/condalfruit.com\\\/politica-de-privacidad\\\/#breadcrumb\"},\"inLanguage\":\"it-IT\",\"potentialAction\":[{\"@type\":\"ReadAction\",\"target\":[\"https:\\\/\\\/condalfruit.com\\\/politica-de-privacidad\\\/\"]}]},{\"@type\":\"BreadcrumbList\",\"@id\":\"https:\\\/\\\/condalfruit.com\\\/politica-de-privacidad\\\/#breadcrumb\",\"itemListElement\":[{\"@type\":\"ListItem\",\"position\":1,\"name\":\"Inici\",\"item\":\"https:\\\/\\\/condalfruit.com\\\/\"},{\"@type\":\"ListItem\",\"position\":2,\"name\":\"Pol\u00edtica de privacidad\"}]},{\"@type\":\"WebSite\",\"@id\":\"https:\\\/\\\/condalfruit.com\\\/#website\",\"url\":\"https:\\\/\\\/condalfruit.com\\\/\",\"name\":\"CondalFruit\",\"description\":\"Las mejores frutas y verduras\",\"publisher\":{\"@id\":\"https:\\\/\\\/condalfruit.com\\\/#organization\"},\"inLanguage\":\"it-IT\"},{\"@type\":\"Organization\",\"@id\":\"https:\\\/\\\/condalfruit.com\\\/#organization\",\"name\":\"CondalFruit\",\"url\":\"https:\\\/\\\/condalfruit.com\\\/\",\"logo\":{\"@type\":\"ImageObject\",\"inLanguage\":\"it-IT\",\"@id\":\"https:\\\/\\\/condalfruit.com\\\/#\\\/schema\\\/logo\\\/image\\\/\",\"url\":\"https:\\\/\\\/condalfruit.com\\\/wp-content\\\/uploads\\\/2023\\\/08\\\/favicon.png\",\"contentUrl\":\"https:\\\/\\\/condalfruit.com\\\/wp-content\\\/uploads\\\/2023\\\/08\\\/favicon.png\",\"width\":112,\"height\":112,\"caption\":\"CondalFruit\"},\"image\":{\"@id\":\"https:\\\/\\\/condalfruit.com\\\/#\\\/schema\\\/logo\\\/image\\\/\"},\"sameAs\":[\"https:\\\/\\\/www.facebook.com\\\/profile.php?id=61554442655044\",\"https:\\\/\\\/www.instagram.com\\\/condalfruit\\\/\"]}]}<\/script>\n<!-- \/ Yoast SEO plugin. -->","yoast_head_json":{"title":"Pol\u00edtica de privacidad - CondalFruit","robots":{"index":"noindex","follow":"follow"},"og_locale":"it_IT","og_type":"article","og_title":"Pol\u00edtica de privacidad - CondalFruit","og_description":"Responsable del tratamiento de los datos El responsable del tratamiento de datos personales recogidos en la web de CondalFruit S.L. es: EMPRESA: CondalFruit S.L. CIF: B60282423 DOMICILIO: POLIGON INDUSTRIAL MERCABARNA, 2040 2042 PABELLON B, 08040 Barcelona TEL\u00c9FONO: +34 933 35 21 90 EMAIL: administracion@condalfruit.com DOMINIO: condalfruit.com Finalidad del tratamiento de los datos La finalidad de [&hellip;]","og_url":"https:\/\/condalfruit.com\/ita\/politica-sulla-riservatezza\/","og_site_name":"CondalFruit","article_publisher":"https:\/\/www.facebook.com\/profile.php?id=61554442655044","article_modified_time":"2024-01-30T12:42:33+00:00","twitter_card":"summary_large_image","twitter_misc":{"Tempo di lettura stimato":"4 minuti"},"schema":{"@context":"https:\/\/schema.org","@graph":[{"@type":"WebPage","@id":"https:\/\/condalfruit.com\/politica-de-privacidad\/","url":"https:\/\/condalfruit.com\/politica-de-privacidad\/","name":"Pol\u00edtica de privacidad - CondalFruit","isPartOf":{"@id":"https:\/\/condalfruit.com\/#website"},"datePublished":"2023-06-01T10:40:08+00:00","dateModified":"2024-01-30T12:42:33+00:00","breadcrumb":{"@id":"https:\/\/condalfruit.com\/politica-de-privacidad\/#breadcrumb"},"inLanguage":"it-IT","potentialAction":[{"@type":"ReadAction","target":["https:\/\/condalfruit.com\/politica-de-privacidad\/"]}]},{"@type":"BreadcrumbList","@id":"https:\/\/condalfruit.com\/politica-de-privacidad\/#breadcrumb","itemListElement":[{"@type":"ListItem","position":1,"name":"Inici","item":"https:\/\/condalfruit.com\/"},{"@type":"ListItem","position":2,"name":"Pol\u00edtica de privacidad"}]},{"@type":"WebSite","@id":"https:\/\/condalfruit.com\/#website","url":"https:\/\/condalfruit.com\/","name":"CondalFruit","description":"Las mejores frutas y verduras","publisher":{"@id":"https:\/\/condalfruit.com\/#organization"},"inLanguage":"it-IT"},{"@type":"Organization","@id":"https:\/\/condalfruit.com\/#organization","name":"CondalFruit","url":"https:\/\/condalfruit.com\/","logo":{"@type":"ImageObject","inLanguage":"it-IT","@id":"https:\/\/condalfruit.com\/#\/schema\/logo\/image\/","url":"https:\/\/condalfruit.com\/wp-content\/uploads\/2023\/08\/favicon.png","contentUrl":"https:\/\/condalfruit.com\/wp-content\/uploads\/2023\/08\/favicon.png","width":112,"height":112,"caption":"CondalFruit"},"image":{"@id":"https:\/\/condalfruit.com\/#\/schema\/logo\/image\/"},"sameAs":["https:\/\/www.facebook.com\/profile.php?id=61554442655044","https:\/\/www.instagram.com\/condalfruit\/"]}]}},"_links":{"self":[{"href":"https:\/\/condalfruit.com\/ita\/wp-json\/wp\/v2\/pages\/340","targetHints":{"allow":["GET"]}}],"collection":[{"href":"https:\/\/condalfruit.com\/ita\/wp-json\/wp\/v2\/pages"}],"about":[{"href":"https:\/\/condalfruit.com\/ita\/wp-json\/wp\/v2\/types\/page"}],"author":[{"embeddable":true,"href":"https:\/\/condalfruit.com\/ita\/wp-json\/wp\/v2\/users\/1"}],"replies":[{"embeddable":true,"href":"https:\/\/condalfruit.com\/ita\/wp-json\/wp\/v2\/comments?post=340"}],"version-history":[{"count":4,"href":"https:\/\/condalfruit.com\/ita\/wp-json\/wp\/v2\/pages\/340\/revisions"}],"predecessor-version":[{"id":1026,"href":"https:\/\/condalfruit.com\/ita\/wp-json\/wp\/v2\/pages\/340\/revisions\/1026"}],"wp:attachment":[{"href":"https:\/\/condalfruit.com\/ita\/wp-json\/wp\/v2\/media?parent=340"}],"curies":[{"name":"wp","href":"https:\/\/api.w.org\/{rel}","templated":true}]}}